{"id":5,"date":"2017-11-17T23:37:55","date_gmt":"2017-11-17T21:37:55","guid":{"rendered":"http:\/\/www.orbismare.com\/\/?page_id=5"},"modified":"2020-05-24T12:08:00","modified_gmt":"2020-05-24T10:08:00","slug":"home","status":"publish","type":"page","link":"https:\/\/www.orbismare.com\/es\/","title":{"rendered":"Home"},"content":{"rendered":"<section class=\"home-section easy-booking\">\r\n\t<div class=\"container\">\r\n    \t<div class=\"row\">\r\n        \t<div class=\"col-md-12\">\r\n            \t<header>\r\n                    <h2>Reservar es f\u00e1cil<\/h2>\r\n                    <h3>Alquile un yacht en 3 sencillos pasos<\/h3>\r\n                <\/header>\r\n            <\/div>\r\n        <\/div>\r\n    \t<div class=\"row\">\r\n        \t<div class=\"col-md-4 booking-card\">\r\n            \t<div class=\"booking-card-image\">\r\n                \t<img decoding=\"async\" src=\"http:\/\/www.orbismare.com\/\/wp-content\/themes\/orbismare\/images\/easy-booking-1.png\" \/>\r\n                <\/div>\r\n                <div class=\"booking-card-text\">\r\n                    <h4>Elige tu yacht<\/h4>\r\n            \t\t<p>Encontrar un yacht que desea en las fechas y el n\u00famero de invitados que est\u00e1<\/p>\r\n                <\/div>\r\n            <\/div>\r\n        \t<div class=\"col-md-4 booking-card\">\r\n            \t<div class=\"booking-card-image\">\r\n                \t<img decoding=\"async\" src=\"http:\/\/www.orbismare.com\/\/wp-content\/themes\/orbismare\/images\/easy-booking-2.png\" \/>\r\n                <\/div>\r\n                <div class=\"booking-card-text\">\r\n                    <h4>Habla con el due\u00f1o<\/h4>\r\n            \t\t<p>P\u00f3ngase en contacto con el propietario de su yate si su yate que desea est\u00e1 disponible<\/p>\r\n                <\/div>\r\n            <\/div>\r\n        \t<div class=\"col-md-4 booking-card\">\r\n            \t<div class=\"booking-card-image\">\r\n                \t<img decoding=\"async\" src=\"http:\/\/www.orbismare.com\/\/wp-content\/themes\/orbismare\/images\/easy-booking-3.png\" \/>\r\n                <\/div>\r\n                <div class=\"booking-card-text\">\r\n                    <h4>Reserva completa<\/h4>\r\n            \t\t<p>Confirma tu reserva y prep\u00e1rate para tus vacaciones<\/p>\r\n                <\/div>\r\n            <\/div>\r\n        <\/div>\r\n    <\/div>\r\n<\/section>\r\n\r\n<script type=\"text\/javascript\">\nvar markers_list = [\n{position: [40.351947, 14.993893], title: \"Argopoli\", area_id: \"17\", area: \"Italy\", text: \"Agropoli es una ciudad peque\u00f1a y se encuentra en la zona de Cilento de la provincia de Salerno, Italia.\", thumb: \"https:\/\/www.orbismare.com\/wp-content\/uploads\/2018\/05\/Agropoli-Naples-v-600x400.jpg\"},\n{position: [41.040914, 9.523868], title: \"Portisco &#8211; Sardinia\", area_id: \"17\", area: \"Italy\", text: \"Portisco es un complejo que forma parte del municipio de Olbia.\", thumb: \"https:\/\/www.orbismare.com\/wp-content\/uploads\/2018\/05\/Portisco-Sardina-ii-600x400.jpg\"},\n{position: [37.845411, 12.471109], title: \"Marsala\", area_id: \"17\", area: \"Italy\", text: \"Marsala es una ciudad italiana ubicada en la provincia de Trapani en la parte m\u00e1s occidental de Sicilia.\", thumb: \"https:\/\/www.orbismare.com\/wp-content\/uploads\/2018\/05\/Marsal-Sicily-viii-600x400.jpg\"},\n{position: [38.069445, 14.634851], title: \"Sant&#8217;Agata di Militello\", area_id: \"17\", area: \"Italy\", text: \"Sant'Agata di Militello es una comuna en la ciudad metropolitana de Messina en la regi\u00f3n italiana de Sicilia\", thumb: \"https:\/\/www.orbismare.com\/wp-content\/uploads\/2018\/05\/Sant-Ageta-di-Militello-Sicily-vii-600x400.jpg\"},\n{position: [35.890586, 14.531276], title: \"Malta\", area_id: \"20\", area: \"Malta\", text: \"Malta es un pa\u00eds insular del sur de Europa que consiste en un archipi\u00e9lago en el mar Mediterr\u00e1neo.\", thumb: \"https:\/\/www.orbismare.com\/wp-content\/uploads\/2018\/05\/Malta-iv-600x400.jpg\"},\n{position: [40.746359, 24.741741], title: \"Thasos\", area_id: \"16\", area: \"Northern Greek Islands\", text: \"Thasos es una isla griega, geogr\u00e1ficamente parte del norte del Mar Egeo, pero administrativamente es parte de la unidad regional de Kavala.\", thumb: \"https:\/\/www.orbismare.com\/wp-content\/uploads\/2018\/04\/iv-7-600x400.jpg\"},\n{position: [40.506210, 25.547788], title: \"Samothrace\", area_id: \"16\", area: \"Northern Greek Islands\", text: \"Samothrace es una isla griega en el norte del Mar Egeo.\", thumb: \"https:\/\/www.orbismare.com\/wp-content\/uploads\/2018\/04\/iii-6-600x400.jpg\"},\n{position: [39.910037, 25.215207], title: \"Lemnos\", area_id: \"16\", area: \"Northern Greek Islands\", text: \"Lemnos es una isla griega en la parte norte del Mar Egeo.\", thumb: \"https:\/\/www.orbismare.com\/wp-content\/uploads\/2018\/04\/viii-2-600x400.jpg\"},\n{position: [39.100187, 26.553174], title: \"Lesbos\", area_id: \"16\", area: \"Northern Greek Islands\", text: \"Lesbos  es una isla griega ubicada en el noreste del Mar Egeo. Tiene un \u00e1rea de 1.633 km2 (631 millas cuadradas) con 320 kil\u00f3metros (199 millas) de costa, por lo que es la tercera isla m\u00e1s grande de Grecia.\", thumb: \"https:\/\/www.orbismare.com\/wp-content\/uploads\/2018\/04\/iv-1-600x400.jpg\"},\n{position: [38.422088, 25.975062], title: \"Chios\", area_id: \"16\", area: \"Northern Greek Islands\", text: \"Chios es la quinta m\u00e1s grande de las islas griegas, situada en el mar Egeo, a 7 kil\u00f3metros de la costa de Turqu\u00eda.\", thumb: \"https:\/\/www.orbismare.com\/wp-content\/uploads\/2018\/04\/xi-600x400.jpg\"},\n{position: [38.847856, 24.525650], title: \"Esciros\", area_id: \"15\", area: \"Sporades Islands\", text: \"Skyros es una isla en Grecia, la m\u00e1s meridional de las Esp\u00f3radas, en el archipi\u00e9lago del mar Egeo.\", thumb: \"https:\/\/www.orbismare.com\/wp-content\/uploads\/2018\/04\/Skyros-ii-600x400.jpg\"},\n{position: [39.128130, 23.722778], title: \"Sk\u00f3pelos\", area_id: \"15\", area: \"Sporades Islands\", text: \"Skopelos es una isla griega en el oeste del mar Egeo. Skopelos es una de las islas que componen el grupo de islas de las Esp\u00f3radas del Norte.\", thumb: \"https:\/\/www.orbismare.com\/wp-content\/uploads\/2018\/04\/Skopelos-ix-600x400.jpg\"},\n{position: [37.554407, 22.812706], title: \"Naflio\", area_id: \"7\", area: \"Saronic Golf\", text: \"Nafplio es la capital de la prefectura de Argolis. Es una de las ciudades m\u00e1s pintorescas del pa\u00eds y fue la capital del estado griego durante el per\u00edodo de 1828 a 1833.\", thumb: \"https:\/\/www.orbismare.com\/wp-content\/uploads\/2018\/02\/Nafplio-600x400.jpg\"},\n{position: [36.673200, 23.024398], title: \"Monemvasia\", area_id: \"7\", area: \"Saronic Golf\", text: \"Monemvas\u00eda, es una localidad medieval fortificada, ubicado en una peque\u00f1a pen\u00ednsula de la costa este del Peloponeso, en Grecia.\", thumb: \"https:\/\/www.orbismare.com\/wp-content\/uploads\/2018\/02\/Monemvasia-600x400.jpg\"},\n{position: [37.349876, 23.466160], title: \"Hydra\", area_id: \"7\", area: \"Saronic Golf\", text: \"Hydra es una isla de Argosar\u00f3nico. La ciudad hom\u00f3nima, que es el puerto y el \u00fanico asentamiento en la isla, ten\u00eda 1.966 habitantes en el censo de 2011, que debido a su suelo est\u00e9ril se dedica principalmente a la pesca y el turismo.\", thumb: \"https:\/\/www.orbismare.com\/wp-content\/uploads\/2018\/02\/Hydra-600x400.jpg\"},\n{position: [36.410666, 27.386365], title: \"Tilos\", area_id: \"5\", area: \"Dodecanese Islands\", text: \"Tilos es una de las islas del Dodecaneso, la s\u00e9ptima en \u00e1rea decreciente. Est\u00e1 a 22 millas al noroeste de Rodas y a 222 millas de El Pireo. Tiene una forma irregular y su \u00e1rea es de 61,487 kil\u00f3metros cuadrados.\", thumb: \"https:\/\/www.orbismare.com\/wp-content\/uploads\/2018\/02\/Tilos-2-600x400.jpg\"},\n{position: [36.425283, 28.225162], title: \"Rhodos\", area_id: \"5\", area: \"Dodecanese Islands\", text: \"Rodas es una isla de Grecia situada en el sureste del mar Egeo. Est\u00e1 a unos 350 km al sureste de Atenas y a 18 km al suroeste de Turqu\u00eda. Con un \u00e1rea de 1.400,684 kil\u00f3metros cuadrados.\", thumb: \"https:\/\/www.orbismare.com\/wp-content\/uploads\/2018\/02\/Rhodes-600x400.jpg\"},\n{position: [37.334062, 26.549106], title: \"Patmos\", area_id: \"5\", area: \"Dodecanese Islands\", text: \"Patmos es una isla griega en el Mar Egeo, seg\u00fan los antiguos griegos, en las Esp\u00f3radas del Sur, y la divisi\u00f3n pol\u00edtica moderna del pa\u00eds en el Dodecaneso.\", thumb: \"https:\/\/www.orbismare.com\/wp-content\/uploads\/2018\/02\/Patmos-600x400.jpg\"},\n{position: [36.894555, 27.291278], title: \"Kos\", area_id: \"5\", area: \"Dodecanese Islands\", text: \"Kos es una isla griega en el mar Egeo. Tiene una poblaci\u00f3n de 33.388 habitantes y es la tercera isla m\u00e1s grande en el Dodecaneso en extensi\u00f3n despu\u00e9s de Rodas y Karpathos y la segunda en poblaci\u00f3n despu\u00e9s de Rodas.\", thumb: \"https:\/\/www.orbismare.com\/wp-content\/uploads\/2018\/02\/Kasos-600x400.jpg\"},\n{position: [35.387711, 26.876679], title: \"Kasos\", area_id: \"5\", area: \"Dodecanese Islands\", text: \"Kasos es una isla griega en el sur del mar Egeo y la m\u00e1s meridional de las islas del Dodecaneso. Se encuentra entre Creta y Karpathos.\", thumb: \"https:\/\/www.orbismare.com\/wp-content\/uploads\/2018\/02\/Kos-2-600x400.jpg\"},\n{position: [37.633788, 26.088287], title: \"Ikaria\", area_id: \"5\", area: \"Dodecanese Islands\", text: \"Icaria es una isla griega ubicada a 19 km al suroeste de Samos. Administrativamente, es un municipio que forma parte de la unidad perif\u00e9rica de Icaria.\", thumb: \"https:\/\/www.orbismare.com\/wp-content\/uploads\/2018\/02\/Ikaria-600x400.jpg\"},\n{position: [36.576994, 26.331718], title: \"Astypalaia\", area_id: \"5\", area: \"Dodecanese Islands\", text: \"Astypalaia pertenece administrativamente al Dodecaneso, pero se encuentra geogr\u00e1fica y culturalmente entre el Dodecaneso y las C\u00edcladas.\", thumb: \"https:\/\/www.orbismare.com\/wp-content\/uploads\/2018\/02\/Astypalea-600x400.jpg\"},\n{position: [36.406771, 25.436332], title: \"Santorini\", area_id: \"4\", area: \"Cyclades Islands\", text: \"Santorini, Thira o Stroggili es una isla situada en el sur del mar Egeo, en las islas C\u00edcladas, al sur de Ios y al oeste de Anafi. Hoy Santorini es uno de los centros tur\u00edsticos m\u00e1s famosos del mundo. Es conocida por su volc\u00e1n.\", thumb: \"https:\/\/www.orbismare.com\/wp-content\/uploads\/2018\/02\/Santorini-600x400.jpg\"},\n{position: [37.649992, 24.023487], title: \"Sounio\", area_id: \"4\", area: \"Cyclades Islands, Saronic Golf\", text: \"El cabo de Suni\u00f3n o Sunio es un peque\u00f1o cabo o promontorio sobre las aguas del mar Egeo localizado a 65 km al sureste de Atenas, en el \u00c1tica.\", thumb: \"https:\/\/www.orbismare.com\/wp-content\/uploads\/2018\/02\/Sounio-2-1-600x400.jpg\"},\n{position: [37.125215, 25.175382], title: \"Paros\", area_id: \"4\", area: \"Cyclades Islands\", text: \"Paros es la tercera isla m\u00e1s grande de las C\u00edcladas y se encuentra al oeste de Naxos, de la que le separa un estrecho canal de aproximadamente 3 millas, mientras que desde El Pireo se encuentra a 90 millas n\u00e1uticas.\", thumb: \"https:\/\/www.orbismare.com\/wp-content\/uploads\/2018\/02\/Paros-600x400.jpg\"},\n{position: [37.473442, 25.425557], title: \"Mykonos\", area_id: \"4\", area: \"Cyclades Islands\", text: \"Mykonos es una isla del mar Egeo y pertenece a las C\u00edcladas. La capital de la isla es Chora, ubicada en el lado oeste de la isla. Las playas m\u00e1s famosas de la isla son: Agios Sostis, Panormos, Lia, Kalo Livadi, Agrari, Agia Anna, S\u00faper Para\u00edso, Paranga, Ornos y el m\u00e1s famoso y c\u00f3smico, Psarou.\", thumb: \"https:\/\/www.orbismare.com\/wp-content\/uploads\/2018\/02\/Mykonos-600x400.jpg\"},\n{position: [36.690667, 24.425801], title: \"Milos\", area_id: \"4\", area: \"Cyclades Islands\", text: \"Milos es una isla griega volc\u00e1nica en el mar Egeo, al norte del mar de Creta. Se dice que su nombre deriva de la palabra, mijo que evolucion\u00f3 a, manzana y significaba, oveja.\", thumb: \"https:\/\/www.orbismare.com\/wp-content\/uploads\/2018\/02\/Milos-1-600x400.jpg\"},\n{position: [36.903809, 25.977724], title: \"Amorgos\", area_id: \"4\", area: \"Cyclades Islands\", text: \"Amorgos es una isla de las C\u00edcladas en el mar Egeo. Tom\u00f3 su nombre de la planta de Amorgos, una especie de lino del que se hicieron los, Amorgos Argel, las t\u00fanicas de Amorgos.\", thumb: \"https:\/\/www.orbismare.com\/wp-content\/uploads\/2018\/02\/Amorgos-600x400.jpg\"},\n{position: [38.607979, 20.5937993], title: \"Lefkada\", area_id: \"6\", area: \"Ionian Islands\", text: \"Lefkada o Lefkas es una isla del mar J\u00f3nico y junto con las islas de Corf\u00fa, Kefalonia, \u00cdtaca, Zakynthos y Paxi son las islas J\u00f3nicas.\", thumb: \"https:\/\/www.orbismare.com\/wp-content\/uploads\/2017\/11\/lefkada-600x400.jpg\"},\n{position: [37.781928, 20.901041], title: \"Zakynthos\", area_id: \"6\", area: \"Ionian Islands\", text: \"La forma de Zakynthos es triangular con el extremo norte de la isla que conduce al cabo de Skinari, mientras que en el sur-sureste se encuentra la bah\u00eda de Laganas. La Bah\u00eda de Laganas, con su encantadora playa, ha sido descubierta desde el Parque Nacional de 1999, ya que es el sitio de desove de la tortuga en peligro Caretta Caretta.\", thumb: \"https:\/\/www.orbismare.com\/wp-content\/uploads\/2017\/11\/zakynthos-600x400.jpg\"},\n{position: [39.632291, 19.907455], title: \"Corfu\", area_id: \"6\", area: \"Ionian Islands\", text: \"Una de las islas m\u00e1s al norte y m\u00e1s al oeste de Grecia y el mar J\u00f3nico. Est\u00e1 ubicado en la entrada del mar Adri\u00e1tico, cerca de las costas continentales.\", thumb: \"https:\/\/www.orbismare.com\/wp-content\/uploads\/2017\/11\/corfu-600x400.jpg\"},\n];\n<\/script>\n<div class=\"fancy-separator\">   <img src=\"https:\/\/www.orbismare.com\/es\/wp-content\/themes\/orbismare\/images\/compass-separator.png\" \/><\/div><section class=\"world-map\"><div class=\"map-dest-popup\">\t<div class=\"map-dest-header\">\t\t<div class=\"media\">          <img src=\"https:\/\/www.orbismare.com\/es\/wp-content\/themes\/orbismare\/images\/icon-anchor.png\" class=\"d-flex align-self-center mr-3\" \/>\t\t\t<div class=\"media-body\">\t\t\t\t<h3 id=\"marker-name\"><\/h3>\t\t\t\t<h4 id=\"marker-area\"><\/h4>\t\t\t<\/div>\t\t<\/div>\t<\/div>\t<div class=\"map-dest-image\">\t\t<img id=\"marker-image\" class=\"img-fluid\" \/>\t<\/div>\t<div class=\"map-dest-body\">\t\t<p id=\"marker-text\"><\/p>\t\t<a id=\"marker-cta\" class=\"btn btn-primary\">See the Boats<\/a>\t<\/div><\/div><div id=\"world-map-control\"><\/div><\/section>\r\n\r\n<section class=\"yatch-grid\">\r\n\t<div class=\"container\">\r\n    \t<div class=\"row\">\r\n        \t<div class=\"col-md-12\">\r\n            \t<header>\r\n                \t<h2>nuestra flota de Yacht <\/h2>\r\n                    <h3>elegir entre los yachts que tenemos<\/h3>\r\n                <\/header>\r\n            <\/div>\r\n        <\/div>\r\n    <\/div>\r\n    <div class=\"container-fluid\">\r\n      <div class=\"row\">\t<div class=\"col-md-3\">\t\t\t<a href=\"https:\/\/www.orbismare.com\/es\/yacht\/lagoon-560\/\">\t\t\t\t<img class=\"card-img-top img-fluid\" src=\"https:\/\/www.orbismare.com\/wp-content\/uploads\/2018\/02\/lagoon-560-ii-700x437.jpg\" alt=\"Lagoon 560\">\t\t\t<\/a>\t<\/div>\t<div class=\"col-md-3\">\t\t\t<a href=\"https:\/\/www.orbismare.com\/es\/yacht\/bavaria-cr-56\/\">\t\t\t\t<img class=\"card-img-top img-fluid\" src=\"https:\/\/www.orbismare.com\/wp-content\/uploads\/2018\/03\/Bavaria-CR-56-i-700x437.jpg\" alt=\"Bavaria CR 56\">\t\t\t<\/a>\t<\/div>\t<div class=\"col-md-3\">\t\t\t<a href=\"https:\/\/www.orbismare.com\/es\/yacht\/absolute-king\/\">\t\t\t\t<img class=\"card-img-top img-fluid\" src=\"https:\/\/www.orbismare.com\/wp-content\/uploads\/2018\/03\/0711f9500f09ee09c3b0a0eac9d65bac-700x437.jpg\" alt=\"Absolute king\">\t\t\t<\/a>\t<\/div>\t<div class=\"col-md-3\">\t\t\t<a href=\"https:\/\/www.orbismare.com\/es\/yacht\/iraklis-l\/\">\t\t\t\t<img class=\"card-img-top img-fluid\" src=\"https:\/\/www.orbismare.com\/wp-content\/uploads\/2018\/03\/i-33-700x437.jpg\" alt=\"Iraklis L\">\t\t\t<\/a>\t<\/div>\t<div class=\"col-md-3\">\t\t\t<a href=\"https:\/\/www.orbismare.com\/es\/yacht\/callisto\/\">\t\t\t\t<img class=\"card-img-top img-fluid\" src=\"https:\/\/www.orbismare.com\/wp-content\/uploads\/2018\/03\/i-40-700x437.jpg\" alt=\"(English) Callisto\">\t\t\t<\/a>\t<\/div>\t<div class=\"col-md-3\">\t\t\t<a href=\"https:\/\/www.orbismare.com\/es\/yacht\/z2\/\">\t\t\t\t<img class=\"card-img-top img-fluid\" src=\"https:\/\/www.orbismare.com\/wp-content\/uploads\/2018\/03\/i-32-700x437.jpg\" alt=\"Z2\">\t\t\t<\/a>\t<\/div><\/div>\r\n    <\/div>\r\n\t<div class=\"container\">\r\n    \t<div class=\"row\">\r\n        \t<div class=\"col-md-12\">\r\n            \t<div class=\"grid-footer\">\r\n                    <a class=\"btn btn-section-cta btn-primary\" role=\"button\" href=\"https:\/\/www.orbismare.com\/es\/yachts\/\">navegar por yacht<\/a>\r\n                <\/div>\r\n            <\/div>\r\n        <\/div>\r\n    <\/div>\r\n    \r\n<\/section>\r\n\r\n<section class=\"destinations-grid home-destinations-grid\">\r\n\t<div class=\"container\">\r\n    \t<div class=\"row\">\r\n        \t<div class=\"col-md-12\">\r\n            \t<header>\r\n                \t<h2>Visita Inolvidables Lugares<\/h2>\r\n                    <h3>Descubre la belleza de Grecia con su mar azul y su sol brillante con un yacht<\/h3>\r\n                <\/header>\r\n            <\/div>\r\n        <\/div>\r\n        <div class=\"row\">\t<div class=\"col-md-4\">\t\t<div class=\"card\">\t\t\t<a href=\"https:\/\/www.orbismare.com\/es\/destination\/split\/\">\t\t\t\t<img class=\"card-img-top img-fluid\" src=\"\" alt=\"Split\">\t\t\t<\/a>\t\t\t<div class=\"card-body\">\t\t\t\t<h4 class=\"card-title\"><a href=\"https:\/\/www.orbismare.com\/es\/destination\/split\/\"><span>Split<\/span>, Croatia<\/a><\/h4>\t\t\t<\/div>\t\t<\/div>\t<\/div>\t<div class=\"col-md-4\">\t\t<div class=\"card\">\t\t\t<a href=\"https:\/\/www.orbismare.com\/es\/destination\/samos\/\">\t\t\t\t<img class=\"card-img-top img-fluid\" src=\"https:\/\/www.orbismare.com\/wp-content\/uploads\/2018\/04\/ii-6-600x400.jpg\" alt=\"Samos\">\t\t\t<\/a>\t\t\t<div class=\"card-body\">\t\t\t\t<h4 class=\"card-title\"><a href=\"https:\/\/www.orbismare.com\/es\/destination\/samos\/\"><span>Samos<\/span>, Northern Greek Islands<\/a><\/h4>\t\t\t<\/div>\t\t<\/div>\t<\/div>\t<div class=\"col-md-4\">\t\t<div class=\"card\">\t\t\t<a href=\"https:\/\/www.orbismare.com\/es\/destination\/monemvasia\/\">\t\t\t\t<img class=\"card-img-top img-fluid\" src=\"https:\/\/www.orbismare.com\/wp-content\/uploads\/2018\/02\/Monemvasia-600x400.jpg\" alt=\"Monemvasia\">\t\t\t<\/a>\t\t\t<div class=\"card-body\">\t\t\t\t<h4 class=\"card-title\"><a href=\"https:\/\/www.orbismare.com\/es\/destination\/monemvasia\/\"><span>Monemvasia<\/span>, Saronic Golf<\/a><\/h4>\t\t\t<\/div>\t\t<\/div>\t<\/div>\t<div class=\"col-md-4\">\t\t<div class=\"card\">\t\t\t<a href=\"https:\/\/www.orbismare.com\/es\/destination\/naxos\/\">\t\t\t\t<img class=\"card-img-top img-fluid\" src=\"https:\/\/www.orbismare.com\/wp-content\/uploads\/2018\/02\/Naxos-600x400.jpg\" alt=\"Naxos\">\t\t\t<\/a>\t\t\t<div class=\"card-body\">\t\t\t\t<h4 class=\"card-title\"><a href=\"https:\/\/www.orbismare.com\/es\/destination\/naxos\/\"><span>Naxos<\/span>, Cyclades Islands<\/a><\/h4>\t\t\t<\/div>\t\t<\/div>\t<\/div>\t<div class=\"col-md-4\">\t\t<div class=\"card\">\t\t\t<a href=\"https:\/\/www.orbismare.com\/es\/destination\/samothrace\/\">\t\t\t\t<img class=\"card-img-top img-fluid\" src=\"https:\/\/www.orbismare.com\/wp-content\/uploads\/2018\/04\/iii-6-600x400.jpg\" alt=\"Samothrace\">\t\t\t<\/a>\t\t\t<div class=\"card-body\">\t\t\t\t<h4 class=\"card-title\"><a href=\"https:\/\/www.orbismare.com\/es\/destination\/samothrace\/\"><span>Samothrace<\/span>, Northern Greek Islands<\/a><\/h4>\t\t\t<\/div>\t\t<\/div>\t<\/div>\t<div class=\"col-md-4\">\t\t<div class=\"card\">\t\t\t<a href=\"https:\/\/www.orbismare.com\/es\/destination\/zadar\/\">\t\t\t\t<img class=\"card-img-top img-fluid\" src=\"https:\/\/www.orbismare.com\/wp-content\/uploads\/2018\/05\/Zadar-ix-600x400.jpg\" alt=\"Zadar\">\t\t\t<\/a>\t\t\t<div class=\"card-body\">\t\t\t\t<h4 class=\"card-title\"><a href=\"https:\/\/www.orbismare.com\/es\/destination\/zadar\/\"><span>Zadar<\/span>, Croatia<\/a><\/h4>\t\t\t<\/div>\t\t<\/div>\t<\/div><\/div>\r\n    \t<div class=\"row\">\r\n        \t<div class=\"col-md-12\">\r\n            \t<div class=\"grid-footer\">\r\n                    <a class=\"btn btn-section-cta btn-primary\" role=\"button\" href=\"https:\/\/www.orbismare.com\/es\/destinations\/greece\/\">m\u00e1s destinos<\/a>\r\n                <\/div>\r\n            <\/div>\r\n        <\/div>\r\n    <\/div>\r\n<\/section>","protected":false},"excerpt":{"rendered":"<p>Reservar es f\u00e1cil Alquile un yacht en 3 sencillos pasos Elige tu yacht Encontrar un yacht que desea en las fechas y el n\u00famero de invitados que est\u00e1 Habla con el due\u00f1o P\u00f3ngase en contacto con el propietario de su yate si su yate que desea est\u00e1 disponible Reserva completa Confirma tu reserva y prep\u00e1rate [&hellip;]<\/p>\n","protected":false},"author":1,"featured_media":0,"parent":0,"menu_order":0,"comment_status":"closed","ping_status":"closed","template":"templates\/template-home.php","meta":[],"yoast_head":"<!-- This site is optimized with the Yoast SEO plugin v21.1 - https:\/\/yoast.com\/wordpress\/plugins\/seo\/ -->\n<title>ORBIMARE- Book a Yacht - Book your holidays<\/title>\n<meta name=\"description\" content=\"ORBIMARE- Book a Yacht - Book your holidays, Rent Greek yachts for your vacation in the Greek islands\" \/>\n<meta name=\"robots\" content=\"index, follow, max-snippet:-1, max-image-preview:large, max-video-preview:-1\" \/>\n<link rel=\"canonical\" href=\"https:\/\/www.orbismare.com\/\" \/>\n<meta property=\"og:locale\" content=\"es_ES\" \/>\n<meta property=\"og:type\" content=\"article\" \/>\n<meta property=\"og:title\" content=\"ORBIMARE- Book a Yacht - Book your holidays\" \/>\n<meta property=\"og:description\" content=\"ORBIMARE- Book a Yacht - Book your holidays, Rent Greek yachts for your vacation in the Greek islands\" \/>\n<meta property=\"og:url\" content=\"https:\/\/www.orbismare.com\/\" \/>\n<meta property=\"og:site_name\" content=\"orbismare\" \/>\n<meta property=\"article:modified_time\" content=\"2020-05-24T10:08:00+00:00\" \/>\n<meta property=\"og:image\" content=\"http:\/\/www.orbismare.com\/\/wp-content\/themes\/orbismare\/images\/easy-booking-1.png\" \/>\n<meta name=\"twitter:card\" content=\"summary_large_image\" \/>\n<meta name=\"twitter:label1\" content=\"Tiempo de lectura\" \/>\n\t<meta name=\"twitter:data1\" content=\"3 minutos\" \/>\n<script type=\"application\/ld+json\" class=\"yoast-schema-graph\">{\"@context\":\"https:\/\/schema.org\",\"@graph\":[{\"@type\":\"WebPage\",\"@id\":\"https:\/\/www.orbismare.com\/\",\"url\":\"https:\/\/www.orbismare.com\/\",\"name\":\"ORBIMARE- Book a Yacht - Book your holidays\",\"isPartOf\":{\"@id\":\"https:\/\/www.orbismare.com\/#website\"},\"datePublished\":\"2017-11-17T21:37:55+00:00\",\"dateModified\":\"2020-05-24T10:08:00+00:00\",\"description\":\"ORBIMARE- Book a Yacht - Book your holidays, Rent Greek yachts for your vacation in the Greek islands\",\"breadcrumb\":{\"@id\":\"https:\/\/www.orbismare.com\/#breadcrumb\"},\"inLanguage\":\"es\",\"potentialAction\":[{\"@type\":\"ReadAction\",\"target\":[\"https:\/\/www.orbismare.com\/\"]}]},{\"@type\":\"BreadcrumbList\",\"@id\":\"https:\/\/www.orbismare.com\/#breadcrumb\",\"itemListElement\":[{\"@type\":\"ListItem\",\"position\":1,\"name\":\"Home\",\"item\":\"https:\/\/www.orbismare.com\/\"},{\"@type\":\"ListItem\",\"position\":2,\"name\":\"Home\"}]},{\"@type\":\"WebSite\",\"@id\":\"https:\/\/www.orbismare.com\/#website\",\"url\":\"https:\/\/www.orbismare.com\/\",\"name\":\"orbismare\",\"description\":\"Book a Yacht. Book your holidays.\",\"potentialAction\":[{\"@type\":\"SearchAction\",\"target\":{\"@type\":\"EntryPoint\",\"urlTemplate\":\"https:\/\/www.orbismare.com\/?s={search_term_string}\"},\"query-input\":\"required name=search_term_string\"}],\"inLanguage\":\"es\"}]}<\/script>\n<!-- \/ Yoast SEO plugin. -->","yoast_head_json":{"title":"ORBIMARE- Book a Yacht - Book your holidays","description":"ORBIMARE- Book a Yacht - Book your holidays, Rent Greek yachts for your vacation in the Greek islands","robots":{"index":"index","follow":"follow","max-snippet":"max-snippet:-1","max-image-preview":"max-image-preview:large","max-video-preview":"max-video-preview:-1"},"canonical":"https:\/\/www.orbismare.com\/","og_locale":"es_ES","og_type":"article","og_title":"ORBIMARE- Book a Yacht - Book your holidays","og_description":"ORBIMARE- Book a Yacht - Book your holidays, Rent Greek yachts for your vacation in the Greek islands","og_url":"https:\/\/www.orbismare.com\/","og_site_name":"orbismare","article_modified_time":"2020-05-24T10:08:00+00:00","og_image":[{"url":"http:\/\/www.orbismare.com\/\/wp-content\/themes\/orbismare\/images\/easy-booking-1.png"}],"twitter_card":"summary_large_image","twitter_misc":{"Tiempo de lectura":"3 minutos"},"schema":{"@context":"https:\/\/schema.org","@graph":[{"@type":"WebPage","@id":"https:\/\/www.orbismare.com\/","url":"https:\/\/www.orbismare.com\/","name":"ORBIMARE- Book a Yacht - Book your holidays","isPartOf":{"@id":"https:\/\/www.orbismare.com\/#website"},"datePublished":"2017-11-17T21:37:55+00:00","dateModified":"2020-05-24T10:08:00+00:00","description":"ORBIMARE- Book a Yacht - Book your holidays, Rent Greek yachts for your vacation in the Greek islands","breadcrumb":{"@id":"https:\/\/www.orbismare.com\/#breadcrumb"},"inLanguage":"es","potentialAction":[{"@type":"ReadAction","target":["https:\/\/www.orbismare.com\/"]}]},{"@type":"BreadcrumbList","@id":"https:\/\/www.orbismare.com\/#breadcrumb","itemListElement":[{"@type":"ListItem","position":1,"name":"Home","item":"https:\/\/www.orbismare.com\/"},{"@type":"ListItem","position":2,"name":"Home"}]},{"@type":"WebSite","@id":"https:\/\/www.orbismare.com\/#website","url":"https:\/\/www.orbismare.com\/","name":"orbismare","description":"Book a Yacht. Book your holidays.","potentialAction":[{"@type":"SearchAction","target":{"@type":"EntryPoint","urlTemplate":"https:\/\/www.orbismare.com\/?s={search_term_string}"},"query-input":"required name=search_term_string"}],"inLanguage":"es"}]}},"_links":{"self":[{"href":"https:\/\/www.orbismare.com\/es\/wp-json\/wp\/v2\/pages\/5"}],"collection":[{"href":"https:\/\/www.orbismare.com\/es\/wp-json\/wp\/v2\/pages"}],"about":[{"href":"https:\/\/www.orbismare.com\/es\/wp-json\/wp\/v2\/types\/page"}],"author":[{"embeddable":true,"href":"https:\/\/www.orbismare.com\/es\/wp-json\/wp\/v2\/users\/1"}],"replies":[{"embeddable":true,"href":"https:\/\/www.orbismare.com\/es\/wp-json\/wp\/v2\/comments?post=5"}],"version-history":[{"count":21,"href":"https:\/\/www.orbismare.com\/es\/wp-json\/wp\/v2\/pages\/5\/revisions"}],"predecessor-version":[{"id":4934,"href":"https:\/\/www.orbismare.com\/es\/wp-json\/wp\/v2\/pages\/5\/revisions\/4934"}],"wp:attachment":[{"href":"https:\/\/www.orbismare.com\/es\/wp-json\/wp\/v2\/media?parent=5"}],"curies":[{"name":"wp","href":"https:\/\/api.w.org\/{rel}","templated":true}]}}